{"id":16,"date":"2024-12-27T22:58:53","date_gmt":"2024-12-27T22:58:53","guid":{"rendered":"https:\/\/www.vh10696.vh.net.pl\/?page_id=16"},"modified":"2025-02-01T10:13:44","modified_gmt":"2025-02-01T10:13:44","slug":"kontakt","status":"publish","type":"page","link":"https:\/\/koniecznyremont.eu\/?page_id=16","title":{"rendered":"Kontakt"},"content":{"rendered":"\t\t<div data-elementor-type=\"wp-page\" data-elementor-id=\"16\" class=\"elementor elementor-16\">\n\t\t\t\t<div class=\"elementor-element elementor-element-72183cb e-flex e-con-boxed e-con e-parent\" data-id=\"72183cb\" data-element_type=\"container\">\n\t\t\t\t\t<div class=\"e-con-inner\">\n\t\t\t\t<div class=\"elementor-element elementor-element-e45502f elementor-widget elementor-widget-heading\" data-id=\"e45502f\" data-element_type=\"widget\" data-widget_type=\"heading.default\">\n\t\t\t\t<div class=\"elementor-widget-container\">\n\t\t\t\t\t<h3 class=\"elementor-heading-title elementor-size-default\">Skontaktuj si\u0119 z nami<\/h3>\t\t\t\t<\/div>\n\t\t\t\t<\/div>\n\t\t\t\t\t<\/div>\n\t\t\t\t<\/div>\n\t\t<div class=\"elementor-element elementor-element-8aac527 e-flex e-con-boxed e-con e-parent\" data-id=\"8aac527\" data-element_type=\"container\">\n\t\t\t\t\t<div class=\"e-con-inner\">\n\t\t\t\t<div class=\"elementor-element elementor-element-30d785c elementor-widget elementor-widget-text-editor\" data-id=\"30d785c\" data-element_type=\"widget\" data-widget_type=\"text-editor.default\">\n\t\t\t\t<div class=\"elementor-widget-container\">\n\t\t\t\t\t\t\t\t\t<p>Masz pytania, chcesz om\u00f3wi\u0107 sw\u00f3j projekt lub potrzebujesz fachowej porady? Skontaktuj si\u0119 z nami \u2013 jeste\u015bmy do Twojej dyspozycji!<\/p>\t\t\t\t\t\t\t\t<\/div>\n\t\t\t\t<\/div>\n\t\t\t\t\t<\/div>\n\t\t\t\t<\/div>\n\t\t<div class=\"elementor-element elementor-element-5fe3886 e-flex e-con-boxed e-con e-parent\" data-id=\"5fe3886\" data-element_type=\"container\">\n\t\t\t\t\t<div class=\"e-con-inner\">\n\t\t\t\t<div class=\"elementor-element elementor-element-8f9520d elementor-widget elementor-widget-heading\" data-id=\"8f9520d\" data-element_type=\"widget\" data-widget_type=\"heading.default\">\n\t\t\t\t<div class=\"elementor-widget-container\">\n\t\t\t\t\t<h3 class=\"elementor-heading-title elementor-size-default\">Dane kontaktowe:<\/h3>\t\t\t\t<\/div>\n\t\t\t\t<\/div>\n\t\t\t\t\t<\/div>\n\t\t\t\t<\/div>\n\t\t<div class=\"elementor-element elementor-element-d3ad649 e-flex e-con-boxed e-con e-parent\" data-id=\"d3ad649\" data-element_type=\"container\">\n\t\t\t\t\t<div class=\"e-con-inner\">\n\t\t\t\t<div class=\"elementor-element elementor-element-1f48561 elementor-invisible elementor-widget elementor-widget-heading\" data-id=\"1f48561\" data-element_type=\"widget\" data-settings=\"{&quot;_animation&quot;:&quot;bounceIn&quot;}\" data-widget_type=\"heading.default\">\n\t\t\t\t<div class=\"elementor-widget-container\">\n\t\t\t\t\t<h5 class=\"elementor-heading-title elementor-size-default\">\ud83d\udcde Telefon: 533 941 701<\/h5>\t\t\t\t<\/div>\n\t\t\t\t<\/div>\n\t\t\t\t\t<\/div>\n\t\t\t\t<\/div>\n\t\t<div class=\"elementor-element elementor-element-db7cd46 e-flex e-con-boxed e-con e-parent\" data-id=\"db7cd46\" data-element_type=\"container\">\n\t\t\t\t\t<div class=\"e-con-inner\">\n\t\t\t\t<div class=\"elementor-element elementor-element-adf26f1 elementor-invisible elementor-widget elementor-widget-heading\" data-id=\"adf26f1\" data-element_type=\"widget\" data-settings=\"{&quot;_animation&quot;:&quot;bounceIn&quot;}\" data-widget_type=\"heading.default\">\n\t\t\t\t<div class=\"elementor-widget-container\">\n\t\t\t\t\t<h5 class=\"elementor-heading-title elementor-size-default\">\ud83d\udce7 E-mail: biuro@koniecznyremont.eu<\/h5>\t\t\t\t<\/div>\n\t\t\t\t<\/div>\n\t\t\t\t\t<\/div>\n\t\t\t\t<\/div>\n\t\t<div class=\"elementor-element elementor-element-32c1943 e-flex e-con-boxed e-con e-parent\" data-id=\"32c1943\" data-element_type=\"container\">\n\t\t\t\t\t<div class=\"e-con-inner\">\n\t\t\t\t<div class=\"elementor-element elementor-element-bbe56bb elementor-widget elementor-widget-heading\" data-id=\"bbe56bb\" data-element_type=\"widget\" data-widget_type=\"heading.default\">\n\t\t\t\t<div class=\"elementor-widget-container\">\n\t\t\t\t\t<h2 class=\"elementor-heading-title elementor-size-default\">Jeste\u015bmy dost\u0119pni<\/h2>\t\t\t\t<\/div>\n\t\t\t\t<\/div>\n\t\t\t\t\t<\/div>\n\t\t\t\t<\/div>\n\t\t<div class=\"elementor-element elementor-element-2b2dc8e e-flex e-con-boxed e-con e-parent\" data-id=\"2b2dc8e\" data-element_type=\"container\">\n\t\t\t\t\t<div class=\"e-con-inner\">\n\t\t\t\t<div class=\"elementor-element elementor-element-d0b9223 elementor-widget elementor-widget-text-editor\" data-id=\"d0b9223\" data-element_type=\"widget\" data-widget_type=\"text-editor.default\">\n\t\t\t\t<div class=\"elementor-widget-container\">\n\t\t\t\t\t\t\t\t\t<p>Nieustannie pracujemy nad realizacj\u0105 Twoich marze\u0144. Skontaktuj si\u0119 z nami telefonicznie lub mailowo \u2013 odpowiemy najszybciej, jak to mo\u017cliwe.<\/p>\t\t\t\t\t\t\t\t<\/div>\n\t\t\t\t<\/div>\n\t\t\t\t\t<\/div>\n\t\t\t\t<\/div>\n\t\t<div class=\"elementor-element elementor-element-1c4e5ae e-flex e-con-boxed e-con e-parent\" data-id=\"1c4e5ae\" data-element_type=\"container\">\n\t\t\t\t\t<div class=\"e-con-inner\">\n\t\t\t\t<div class=\"elementor-element elementor-element-db39cef elementor-widget elementor-widget-heading\" data-id=\"db39cef\" data-element_type=\"widget\" data-widget_type=\"heading.default\">\n\t\t\t\t<div class=\"elementor-widget-container\">\n\t\t\t\t\t<h2 class=\"elementor-heading-title elementor-size-default\">Dlaczego my?<\/h2>\t\t\t\t<\/div>\n\t\t\t\t<\/div>\n\t\t\t\t\t<\/div>\n\t\t\t\t<\/div>\n\t\t<div class=\"elementor-element elementor-element-dcf3e9e e-flex e-con-boxed e-con e-parent\" data-id=\"dcf3e9e\" data-element_type=\"container\">\n\t\t\t\t\t<div class=\"e-con-inner\">\n\t\t\t\t<div class=\"elementor-element elementor-element-b965694 elementor-widget elementor-widget-text-editor\" data-id=\"b965694\" data-element_type=\"widget\" data-widget_type=\"text-editor.default\">\n\t\t\t\t<div class=\"elementor-widget-container\">\n\t\t\t\t\t\t\t\t\t<p>\u2714 Indywidualne podej\u015bcie do ka\u017cdego klienta<br \/>\u2714 Wysoka jako\u015b\u0107 us\u0142ug<br \/>\u2714 Terminowo\u015b\u0107 i profesjonalizm<\/p>\t\t\t\t\t\t\t\t<\/div>\n\t\t\t\t<\/div>\n\t\t\t\t\t<\/div>\n\t\t\t\t<\/div>\n\t\t<div class=\"elementor-element elementor-element-9748893 e-flex e-con-boxed e-con e-parent\" data-id=\"9748893\" data-element_type=\"container\">\n\t\t\t\t\t<div class=\"e-con-inner\">\n\t\t\t\t<div class=\"elementor-element elementor-element-2114304 elementor-widget elementor-widget-spacer\" data-id=\"2114304\" data-element_type=\"widget\" data-widget_type=\"spacer.default\">\n\t\t\t\t<div class=\"elementor-widget-container\">\n\t\t\t\t\t\t\t<div class=\"elementor-spacer\">\n\t\t\t<div class=\"elementor-spacer-inner\"><\/div>\n\t\t<\/div>\n\t\t\t\t\t\t<\/div>\n\t\t\t\t<\/div>\n\t\t\t\t<div class=\"elementor-element elementor-element-a7e6156 elementor-widget elementor-widget-google_maps\" data-id=\"a7e6156\" data-element_type=\"widget\" data-widget_type=\"google_maps.default\">\n\t\t\t\t<div class=\"elementor-widget-container\">\n\t\t\t\t\t\t\t<div class=\"elementor-custom-embed\">\n\t\t\t<iframe loading=\"lazy\"\n\t\t\t\t\tsrc=\"https:\/\/maps.google.com\/maps?q=Gdynia%20p%C5%82k.%20Stanis%C5%82awa%20D%C4%85bka%20227B&#038;t=m&#038;z=8&#038;output=embed&#038;iwloc=near\"\n\t\t\t\t\ttitle=\"Gdynia p\u0142k. Stanis\u0142awa D\u0105bka 227B\"\n\t\t\t\t\taria-label=\"Gdynia p\u0142k. Stanis\u0142awa D\u0105bka 227B\"\n\t\t\t><\/iframe>\n\t\t<\/div>\n\t\t\t\t\t\t<\/div>\n\t\t\t\t<\/div>\n\t\t\t\t<div class=\"elementor-element elementor-element-222eb62 elementor-widget elementor-widget-spacer\" data-id=\"222eb62\" data-element_type=\"widget\" data-widget_type=\"spacer.default\">\n\t\t\t\t<div class=\"elementor-widget-container\">\n\t\t\t\t\t\t\t<div class=\"elementor-spacer\">\n\t\t\t<div class=\"elementor-spacer-inner\"><\/div>\n\t\t<\/div>\n\t\t\t\t\t\t<\/div>\n\t\t\t\t<\/div>\n\t\t\t\t\t<\/div>\n\t\t\t\t<\/div>\n\t\t\t\t<\/div>\n\t\t","protected":false},"excerpt":{"rendered":"<p>Skontaktuj si\u0119 z nami Masz pytania, chcesz om\u00f3wi\u0107 sw\u00f3j projekt lub potrzebujesz fachowej porady? Skontaktuj si\u0119 z nami \u2013 jeste\u015bmy do Twojej dyspozycji! Dane kontaktowe: \ud83d\udcde Telefon: 533 941 701 \ud83d\udce7 E-mail: biuro@koniecznyremont.eu Jeste\u015bmy dost\u0119pni Nieustannie pracujemy nad realizacj\u0105 Twoich marze\u0144. Skontaktuj si\u0119 z nami telefonicznie lub mailowo \u2013 odpowiemy najszybciej, jak to mo\u017cliwe. Dlaczego [&hellip;]<\/p>\n","protected":false},"author":1,"featured_media":0,"parent":0,"menu_order":0,"comment_status":"closed","ping_status":"closed","template":"elementor_header_footer","meta":{"footnotes":""},"class_list":["post-16","page","type-page","status-publish","hentry"],"yoast_head":"<!-- This site is optimized with the Yoast SEO plugin v24.1 - https:\/\/yoast.com\/wordpress\/plugins\/seo\/ -->\n<title>Kontakt - Konieczny Remont<\/title>\n<meta name=\"robots\" content=\"index, follow, max-snippet:-1, max-image-preview:large, max-video-preview:-1\" \/>\n<link rel=\"canonical\" href=\"https:\/\/koniecznyremont.eu\/?page_id=16\" \/>\n<meta property=\"og:locale\" content=\"pl_PL\" \/>\n<meta property=\"og:type\" content=\"article\" \/>\n<meta property=\"og:title\" content=\"Kontakt - Konieczny Remont\" \/>\n<meta property=\"og:description\" content=\"Skontaktuj si\u0119 z nami Masz pytania, chcesz om\u00f3wi\u0107 sw\u00f3j projekt lub potrzebujesz fachowej porady? Skontaktuj si\u0119 z nami \u2013 jeste\u015bmy do Twojej dyspozycji! Dane kontaktowe: \ud83d\udcde Telefon: 533 941 701 \ud83d\udce7 E-mail: biuro@koniecznyremont.eu Jeste\u015bmy dost\u0119pni Nieustannie pracujemy nad realizacj\u0105 Twoich marze\u0144. Skontaktuj si\u0119 z nami telefonicznie lub mailowo \u2013 odpowiemy najszybciej, jak to mo\u017cliwe. Dlaczego [&hellip;]\" \/>\n<meta property=\"og:url\" content=\"https:\/\/koniecznyremont.eu\/?page_id=16\" \/>\n<meta property=\"og:site_name\" content=\"Konieczny Remont\" \/>\n<meta property=\"article:modified_time\" content=\"2025-02-01T10:13:44+00:00\" \/>\n<meta name=\"twitter:card\" content=\"summary_large_image\" \/>\n<meta name=\"twitter:label1\" content=\"Szacowany czas czytania\" \/>\n\t<meta name=\"twitter:data1\" content=\"2 minuty\" \/>\n<script type=\"application\/ld+json\" class=\"yoast-schema-graph\">{\"@context\":\"https:\/\/schema.org\",\"@graph\":[{\"@type\":\"WebPage\",\"@id\":\"https:\/\/koniecznyremont.eu\/?page_id=16\",\"url\":\"https:\/\/koniecznyremont.eu\/?page_id=16\",\"name\":\"Kontakt - Konieczny Remont\",\"isPartOf\":{\"@id\":\"https:\/\/koniecznyremont.eu\/#website\"},\"datePublished\":\"2024-12-27T22:58:53+00:00\",\"dateModified\":\"2025-02-01T10:13:44+00:00\",\"breadcrumb\":{\"@id\":\"https:\/\/koniecznyremont.eu\/?page_id=16#breadcrumb\"},\"inLanguage\":\"pl-PL\",\"potentialAction\":[{\"@type\":\"ReadAction\",\"target\":[\"https:\/\/koniecznyremont.eu\/?page_id=16\"]}]},{\"@type\":\"BreadcrumbList\",\"@id\":\"https:\/\/koniecznyremont.eu\/?page_id=16#breadcrumb\",\"itemListElement\":[{\"@type\":\"ListItem\",\"position\":1,\"name\":\"Strona g\u0142\u00f3wna\",\"item\":\"https:\/\/koniecznyremont.eu\/\"},{\"@type\":\"ListItem\",\"position\":2,\"name\":\"Kontakt\"}]},{\"@type\":\"WebSite\",\"@id\":\"https:\/\/koniecznyremont.eu\/#website\",\"url\":\"https:\/\/koniecznyremont.eu\/\",\"name\":\"Konieczny Remont\",\"description\":\"Tel. 533 941 701\",\"publisher\":{\"@id\":\"https:\/\/koniecznyremont.eu\/#organization\"},\"potentialAction\":[{\"@type\":\"SearchAction\",\"target\":{\"@type\":\"EntryPoint\",\"urlTemplate\":\"https:\/\/koniecznyremont.eu\/?s={search_term_string}\"},\"query-input\":{\"@type\":\"PropertyValueSpecification\",\"valueRequired\":true,\"valueName\":\"search_term_string\"}}],\"inLanguage\":\"pl-PL\"},{\"@type\":\"Organization\",\"@id\":\"https:\/\/koniecznyremont.eu\/#organization\",\"name\":\"Konieczny Remont\",\"url\":\"https:\/\/koniecznyremont.eu\/\",\"logo\":{\"@type\":\"ImageObject\",\"inLanguage\":\"pl-PL\",\"@id\":\"https:\/\/koniecznyremont.eu\/#\/schema\/logo\/image\/\",\"url\":\"https:\/\/koniecznyremont.eu\/wp-content\/uploads\/2024\/12\/logo-v2.png\",\"contentUrl\":\"https:\/\/koniecznyremont.eu\/wp-content\/uploads\/2024\/12\/logo-v2.png\",\"width\":652,\"height\":285,\"caption\":\"Konieczny Remont\"},\"image\":{\"@id\":\"https:\/\/koniecznyremont.eu\/#\/schema\/logo\/image\/\"}}]}<\/script>\n<!-- \/ Yoast SEO plugin. -->","yoast_head_json":{"title":"Kontakt - Konieczny Remont","robots":{"index":"index","follow":"follow","max-snippet":"max-snippet:-1","max-image-preview":"max-image-preview:large","max-video-preview":"max-video-preview:-1"},"canonical":"https:\/\/koniecznyremont.eu\/?page_id=16","og_locale":"pl_PL","og_type":"article","og_title":"Kontakt - Konieczny Remont","og_description":"Skontaktuj si\u0119 z nami Masz pytania, chcesz om\u00f3wi\u0107 sw\u00f3j projekt lub potrzebujesz fachowej porady? Skontaktuj si\u0119 z nami \u2013 jeste\u015bmy do Twojej dyspozycji! Dane kontaktowe: \ud83d\udcde Telefon: 533 941 701 \ud83d\udce7 E-mail: biuro@koniecznyremont.eu Jeste\u015bmy dost\u0119pni Nieustannie pracujemy nad realizacj\u0105 Twoich marze\u0144. Skontaktuj si\u0119 z nami telefonicznie lub mailowo \u2013 odpowiemy najszybciej, jak to mo\u017cliwe. Dlaczego [&hellip;]","og_url":"https:\/\/koniecznyremont.eu\/?page_id=16","og_site_name":"Konieczny Remont","article_modified_time":"2025-02-01T10:13:44+00:00","twitter_card":"summary_large_image","twitter_misc":{"Szacowany czas czytania":"2 minuty"},"schema":{"@context":"https:\/\/schema.org","@graph":[{"@type":"WebPage","@id":"https:\/\/koniecznyremont.eu\/?page_id=16","url":"https:\/\/koniecznyremont.eu\/?page_id=16","name":"Kontakt - Konieczny Remont","isPartOf":{"@id":"https:\/\/koniecznyremont.eu\/#website"},"datePublished":"2024-12-27T22:58:53+00:00","dateModified":"2025-02-01T10:13:44+00:00","breadcrumb":{"@id":"https:\/\/koniecznyremont.eu\/?page_id=16#breadcrumb"},"inLanguage":"pl-PL","potentialAction":[{"@type":"ReadAction","target":["https:\/\/koniecznyremont.eu\/?page_id=16"]}]},{"@type":"BreadcrumbList","@id":"https:\/\/koniecznyremont.eu\/?page_id=16#breadcrumb","itemListElement":[{"@type":"ListItem","position":1,"name":"Strona g\u0142\u00f3wna","item":"https:\/\/koniecznyremont.eu\/"},{"@type":"ListItem","position":2,"name":"Kontakt"}]},{"@type":"WebSite","@id":"https:\/\/koniecznyremont.eu\/#website","url":"https:\/\/koniecznyremont.eu\/","name":"Konieczny Remont","description":"Tel. 533 941 701","publisher":{"@id":"https:\/\/koniecznyremont.eu\/#organization"},"potentialAction":[{"@type":"SearchAction","target":{"@type":"EntryPoint","urlTemplate":"https:\/\/koniecznyremont.eu\/?s={search_term_string}"},"query-input":{"@type":"PropertyValueSpecification","valueRequired":true,"valueName":"search_term_string"}}],"inLanguage":"pl-PL"},{"@type":"Organization","@id":"https:\/\/koniecznyremont.eu\/#organization","name":"Konieczny Remont","url":"https:\/\/koniecznyremont.eu\/","logo":{"@type":"ImageObject","inLanguage":"pl-PL","@id":"https:\/\/koniecznyremont.eu\/#\/schema\/logo\/image\/","url":"https:\/\/koniecznyremont.eu\/wp-content\/uploads\/2024\/12\/logo-v2.png","contentUrl":"https:\/\/koniecznyremont.eu\/wp-content\/uploads\/2024\/12\/logo-v2.png","width":652,"height":285,"caption":"Konieczny Remont"},"image":{"@id":"https:\/\/koniecznyremont.eu\/#\/schema\/logo\/image\/"}}]}},"_links":{"self":[{"href":"https:\/\/koniecznyremont.eu\/index.php?rest_route=\/wp\/v2\/pages\/16","targetHints":{"allow":["GET"]}}],"collection":[{"href":"https:\/\/koniecznyremont.eu\/index.php?rest_route=\/wp\/v2\/pages"}],"about":[{"href":"https:\/\/koniecznyremont.eu\/index.php?rest_route=\/wp\/v2\/types\/page"}],"author":[{"embeddable":true,"href":"https:\/\/koniecznyremont.eu\/index.php?rest_route=\/wp\/v2\/users\/1"}],"replies":[{"embeddable":true,"href":"https:\/\/koniecznyremont.eu\/index.php?rest_route=%2Fwp%2Fv2%2Fcomments&post=16"}],"version-history":[{"count":19,"href":"https:\/\/koniecznyremont.eu\/index.php?rest_route=\/wp\/v2\/pages\/16\/revisions"}],"predecessor-version":[{"id":594,"href":"https:\/\/koniecznyremont.eu\/index.php?rest_route=\/wp\/v2\/pages\/16\/revisions\/594"}],"wp:attachment":[{"href":"https:\/\/koniecznyremont.eu\/index.php?rest_route=%2Fwp%2Fv2%2Fmedia&parent=16"}],"curies":[{"name":"wp","href":"https:\/\/api.w.org\/{rel}","templated":true}]}}